{"id":3072,"date":"2021-10-19T13:50:27","date_gmt":"2021-10-19T16:50:27","guid":{"rendered":"https:\/\/sherwin-williams-latam.com\/por-que-nos\/alcance-global\/"},"modified":"2022-01-26T14:38:45","modified_gmt":"2022-01-26T17:38:45","slug":"alcance-global","status":"publish","type":"page","link":"https:\/\/sherwin-williams-latam.com\/es\/por-que-nos\/alcance-global\/","title":{"rendered":"Alcance global"},"content":{"rendered":"\t\t<div data-elementor-type=\"wp-page\" data-elementor-id=\"3072\" class=\"elementor elementor-3072 elementor-1410\" data-elementor-post-type=\"page\">\n\t\t\t\t\t\t<footer class=\"elementor-section elementor-top-section elementor-element elementor-element-7e3ef40 elementor-section-boxed elementor-section-height-default elementor-section-height-default\" data-id=\"7e3ef40\" data-element_type=\"section\" data-e-type=\"section\" data-settings=\"{&quot;background_background&quot;:&quot;classic&quot;}\">\n\t\t\t\t\t\t<div class=\"elementor-container elementor-column-gap-default\">\n\t\t\t\t\t<div data-dce-background-image-url=\"https:\/\/sherwin-williams-latam.com\/wp-content\/uploads\/2021\/03\/capacidades-3.jpg\" class=\"elementor-column elementor-col-100 elementor-top-column elementor-element elementor-element-1c61948\" data-id=\"1c61948\" data-element_type=\"column\" data-e-type=\"column\" data-settings=\"{&quot;background_background&quot;:&quot;classic&quot;}\">\n\t\t\t<div class=\"elementor-widget-wrap elementor-element-populated\">\n\t\t\t\t\t\t<footer data-dce-background-color=\"#FFFFFF\" data-dce-background-image-url=\"https:\/\/sherwin-williams-latam.com\/wp-content\/uploads\/2021\/03\/capacidades-3.jpg\" class=\"elementor-section elementor-inner-section elementor-element elementor-element-fbb1013 elementor-section-boxed elementor-section-height-default elementor-section-height-default\" data-id=\"fbb1013\" data-element_type=\"section\" data-e-type=\"section\" data-settings=\"{&quot;background_background&quot;:&quot;classic&quot;}\">\n\t\t\t\t\t\t<div class=\"elementor-container elementor-column-gap-default\">\n\t\t\t\t\t<div data-dce-background-color=\"#FFFFFFF2\" class=\"elementor-column elementor-col-50 elementor-inner-column elementor-element elementor-element-5b6faee\" data-id=\"5b6faee\" data-element_type=\"column\" data-e-type=\"column\" data-settings=\"{&quot;background_background&quot;:&quot;classic&quot;}\">\n\t\t\t<div class=\"elementor-widget-wrap elementor-element-populated\">\n\t\t\t\t\t\t<div class=\"elementor-element elementor-element-46e231e elementor-widget elementor-widget-heading\" data-id=\"46e231e\" data-element_type=\"widget\" data-e-type=\"widget\" data-widget_type=\"heading.default\">\n\t\t\t\t<div class=\"elementor-widget-container\">\n\t\t\t\t\t<h1 class=\"elementor-heading-title elementor-size-default\">Alcance Global<\/h1>\t\t\t\t<\/div>\n\t\t\t\t<\/div>\n\t\t\t\t<div class=\"elementor-element elementor-element-d5b7c22 elementor-widget elementor-widget-text-editor\" data-id=\"d5b7c22\" data-element_type=\"widget\" data-e-type=\"widget\" data-widget_type=\"text-editor.default\">\n\t\t\t\t<div class=\"elementor-widget-container\">\n\t\t\t\t\t\t\t\t\t<p><span style=\"font-weight: 400;\">Nuestro portafolio Global Core incluye productos disponibles con el mismo est\u00e1ndar de calidad y desempe\u00f1o en cualquier parte del mundo.<\/span><\/p>\n\t\t\t\t\t\t\t\t<\/div>\n\t\t\t\t<\/div>\n\t\t\t\t<div class=\"elementor-element elementor-element-f774541 elementor-align-left elementor-mobile-align-center elementor-widget-mobile__width-inherit elementor-widget elementor-widget-button\" data-id=\"f774541\" data-element_type=\"widget\" data-e-type=\"widget\" data-widget_type=\"button.default\">\n\t\t\t\t<div class=\"elementor-widget-container\">\n\t\t\t\t\t\t\t\t\t<div class=\"elementor-button-wrapper\">\n\t\t\t\t\t<a class=\"elementor-button elementor-button-link elementor-size-md\" href=\"https:\/\/industrial.sherwin-williams.com\/content\/sherwin-williams\/pcg\/industrial-sw-com\/na\/us\/en\/protective-marine\/catalog\/category\/products-by-industry\/global-products.10656369.html\" target=\"_blank\" rel=\"noopener\">\n\t\t\t\t\t\t<span class=\"elementor-button-content-wrapper\">\n\t\t\t\t\t\t\t\t\t<span class=\"elementor-button-text\">Ver Produtos Globais<\/span>\n\t\t\t\t\t<\/span>\n\t\t\t\t\t<\/a>\n\t\t\t\t<\/div>\n\t\t\t\t\t\t\t\t<\/div>\n\t\t\t\t<\/div>\n\t\t\t\t\t<\/div>\n\t\t<\/div>\n\t\t\t\t<div class=\"elementor-column elementor-col-50 elementor-inner-column elementor-element elementor-element-5c6e0d7 elementor-hidden-phone\" data-id=\"5c6e0d7\" data-element_type=\"column\" data-e-type=\"column\" data-settings=\"{&quot;background_background&quot;:&quot;classic&quot;}\">\n\t\t\t<div class=\"elementor-widget-wrap\">\n\t\t\t\t\t\t\t<\/div>\n\t\t<\/div>\n\t\t\t\t\t<\/div>\n\t\t<\/footer>\n\t\t\t\t\t<\/div>\n\t\t<\/div>\n\t\t\t\t\t<\/div>\n\t\t<\/footer>\n\t\t\t\t<section class=\"elementor-section elementor-top-section elementor-element elementor-element-d502656 elementor-section-boxed elementor-section-height-default elementor-section-height-default\" data-id=\"d502656\" data-element_type=\"section\" data-e-type=\"section\">\n\t\t\t\t\t\t\t<div class=\"elementor-background-overlay\"><\/div>\n\t\t\t\t\t\t\t<div class=\"elementor-container elementor-column-gap-default\">\n\t\t\t\t\t<div data-dce-background-color=\"#FFFFFF\" class=\"elementor-column elementor-col-100 elementor-top-column elementor-element elementor-element-519ce94\" data-id=\"519ce94\" data-element_type=\"column\" data-e-type=\"column\" data-settings=\"{&quot;background_background&quot;:&quot;classic&quot;}\">\n\t\t\t<div class=\"elementor-widget-wrap elementor-element-populated\">\n\t\t\t\t\t\t<section class=\"elementor-section elementor-inner-section elementor-element elementor-element-b99db38 elementor-section-boxed elementor-section-height-default elementor-section-height-default\" data-id=\"b99db38\" data-element_type=\"section\" data-e-type=\"section\">\n\t\t\t\t\t\t<div class=\"elementor-container elementor-column-gap-default\">\n\t\t\t\t\t<div class=\"elementor-column elementor-col-50 elementor-inner-column elementor-element elementor-element-69a58a8\" data-id=\"69a58a8\" data-element_type=\"column\" data-e-type=\"column\">\n\t\t\t<div class=\"elementor-widget-wrap elementor-element-populated\">\n\t\t\t\t\t\t<div class=\"elementor-element elementor-element-1a65093 elementor-widget elementor-widget-text-editor\" data-id=\"1a65093\" data-element_type=\"widget\" data-e-type=\"widget\" data-widget_type=\"text-editor.default\">\n\t\t\t\t<div class=\"elementor-widget-container\">\n\t\t\t\t\t\t\t\t\t<p><span style=\"font-weight: 400;\">En Sherwin-Williams Protective &#038; Marine, nuestro compromiso de ser el recurso confiable del cliente se extiende a todos los sectores, y m\u00e1s all\u00e1 de las fronteras.<\/span><\/p>\n<p><span style=\"font-weight: 400;\">Con nuestra base de tiendas comerciales l\u00edderes en Am\u00e9rica Latina y una presencia global en r\u00e1pido crecimiento, siempre estamos enfocados en lo m\u00e1s importante: nuestros clientes. Esto significa que nuestra experiencia industrial de clase mundial, servicios t\u00e9cnicos, comerciales y de especificaci\u00f3n inigualables, as\u00ed como una cartera de soluciones espec\u00edficas y l\u00edderes en la industria, est\u00e1n donde nuestros clientes nos necesitan, independientemente de la geograf\u00eda.<\/span><\/p>\n<p><span style=\"font-weight: 400;\">Acompa\u00f1amos a los clientes dondequiera que los lleven sus operaciones o proyectos en todo el mundo y satisfacemos las necesidades de aplicaciones regionales y locales cr\u00edticas con nuestra cartera global principal. Estos recubrimientos de alto rendimiento se pueden incluir en los programas de especificaci\u00f3n o mantenimiento en todo el mundo sin preocuparse por la calidad o consistencia de la formulaci\u00f3n.<\/span><\/p>\n<p><span style=\"font-weight: 400;\">Ya sea que sea un especificador global o un propietario de activos en cualquier parte del mundo, cuente con Sherwin-Williams Protective &#038; Marine para ofrecer un rendimiento y una calidad constantes en todo el alcance global de su proyecto. Cont\u00e1ctanos para iniciar nuestra conversaci\u00f3n.<\/span><\/p>\n\t\t\t\t\t\t\t\t<\/div>\n\t\t\t\t<\/div>\n\t\t\t\t<div class=\"elementor-element elementor-element-488e474 elementor-share-buttons--view-icon elementor-share-buttons--skin-framed elementor-share-buttons--shape-circle elementor-grid-0 elementor-share-buttons--color-official elementor-widget elementor-widget-share-buttons\" data-id=\"488e474\" data-element_type=\"widget\" data-e-type=\"widget\" data-widget_type=\"share-buttons.default\">\n\t\t\t\t<div class=\"elementor-widget-container\">\n\t\t\t\t\t\t\t<div class=\"elementor-grid\" role=\"list\">\n\t\t\t\t\t\t\t\t<div class=\"elementor-grid-item\" role=\"listitem\">\n\t\t\t\t\t\t<div class=\"elementor-share-btn elementor-share-btn_facebook\" role=\"button\" tabindex=\"0\" aria-label=\"Compartir en facebook\">\n\t\t\t\t\t\t\t\t\t\t\t\t\t\t\t<span class=\"elementor-share-btn__icon\">\n\t\t\t\t\t\t\t\t<i class=\"fab fa-facebook\" aria-hidden=\"true\"><\/i>\t\t\t\t\t\t\t<\/span>\n\t\t\t\t\t\t\t\t\t\t\t\t\t\t\t\t\t\t\t\t<\/div>\n\t\t\t\t\t<\/div>\n\t\t\t\t\t\t\t\t\t<div class=\"elementor-grid-item\" role=\"listitem\">\n\t\t\t\t\t\t<div class=\"elementor-share-btn elementor-share-btn_twitter\" role=\"button\" tabindex=\"0\" aria-label=\"Compartir en twitter\">\n\t\t\t\t\t\t\t\t\t\t\t\t\t\t\t<span class=\"elementor-share-btn__icon\">\n\t\t\t\t\t\t\t\t<i class=\"fab fa-twitter\" aria-hidden=\"true\"><\/i>\t\t\t\t\t\t\t<\/span>\n\t\t\t\t\t\t\t\t\t\t\t\t\t\t\t\t\t\t\t\t<\/div>\n\t\t\t\t\t<\/div>\n\t\t\t\t\t\t\t\t\t<div class=\"elementor-grid-item\" role=\"listitem\">\n\t\t\t\t\t\t<div class=\"elementor-share-btn elementor-share-btn_linkedin\" role=\"button\" tabindex=\"0\" aria-label=\"Compartir en linkedin\">\n\t\t\t\t\t\t\t\t\t\t\t\t\t\t\t<span class=\"elementor-share-btn__icon\">\n\t\t\t\t\t\t\t\t<i class=\"fab fa-linkedin\" aria-hidden=\"true\"><\/i>\t\t\t\t\t\t\t<\/span>\n\t\t\t\t\t\t\t\t\t\t\t\t\t\t\t\t\t\t\t\t<\/div>\n\t\t\t\t\t<\/div>\n\t\t\t\t\t\t<\/div>\n\t\t\t\t\t\t<\/div>\n\t\t\t\t<\/div>\n\t\t\t\t\t<\/div>\n\t\t<\/div>\n\t\t\t\t<div class=\"elementor-column elementor-col-50 elementor-inner-column elementor-element elementor-element-104eb78\" data-id=\"104eb78\" data-element_type=\"column\" data-e-type=\"column\">\n\t\t\t<div class=\"elementor-widget-wrap elementor-element-populated\">\n\t\t\t\t\t\t<div class=\"elementor-element elementor-element-9f04eaa dce_masking-none elementor-position-top elementor-widget elementor-widget-image-box\" data-id=\"9f04eaa\" data-element_type=\"widget\" data-e-type=\"widget\" data-widget_type=\"image-box.default\">\n\t\t\t\t<div class=\"elementor-widget-container\">\n\t\t\t\t\t<div class=\"elementor-image-box-wrapper\"><figure class=\"elementor-image-box-img\"><a href=\"https:\/\/pages.s-w.com\/contact-latam-cl-es.html\" tabindex=\"-1\" target=\"_blank\" rel=\"noopener\"><img fetchpriority=\"high\" decoding=\"async\" width=\"400\" height=\"312\" src=\"https:\/\/sherwin-williams-latam.com\/wp-content\/uploads\/2021\/06\/global.jpg\" class=\"attachment-full size-full wp-image-2980\" alt=\"global\" srcset=\"https:\/\/sherwin-williams-latam.com\/wp-content\/uploads\/2021\/06\/global.jpg 400w, https:\/\/sherwin-williams-latam.com\/wp-content\/uploads\/2021\/06\/global-300x234.jpg 300w\" sizes=\"(max-width: 400px) 100vw, 400px\" \/><\/a><\/figure><div class=\"elementor-image-box-content\"><h3 class=\"elementor-image-box-title\"><a href=\"https:\/\/pages.s-w.com\/contact-latam-cl-es.html\" target=\"_blank\" rel=\"noopener\">\u00bfVamos a hablar?<\/a><\/h3><p class=\"elementor-image-box-description\">Nos encantar\u00eda satisfacer sus necesidades de protecci\u00f3n de activos m\u00e1s inteligente y probada.<\/p><\/div><\/div>\t\t\t\t<\/div>\n\t\t\t\t<\/div>\n\t\t\t\t<div class=\"elementor-element elementor-element-6e2cad7 elementor-align-left elementor-mobile-align-center elementor-widget-mobile__width-inherit elementor-widget elementor-widget-button\" data-id=\"6e2cad7\" data-element_type=\"widget\" data-e-type=\"widget\" data-widget_type=\"button.default\">\n\t\t\t\t<div class=\"elementor-widget-container\">\n\t\t\t\t\t\t\t\t\t<div class=\"elementor-button-wrapper\">\n\t\t\t\t\t<a class=\"elementor-button elementor-button-link elementor-size-md\" href=\"https:\/\/pages.s-w.com\/contact-latam-cl-es.html\" target=\"_blank\" rel=\"noopener\">\n\t\t\t\t\t\t<span class=\"elementor-button-content-wrapper\">\n\t\t\t\t\t\t\t\t\t<span class=\"elementor-button-text\">Entre en contacto<\/span>\n\t\t\t\t\t<\/span>\n\t\t\t\t\t<\/a>\n\t\t\t\t<\/div>\n\t\t\t\t\t\t\t\t<\/div>\n\t\t\t\t<\/div>\n\t\t\t\t\t<\/div>\n\t\t<\/div>\n\t\t\t\t\t<\/div>\n\t\t<\/section>\n\t\t\t\t\t<\/div>\n\t\t<\/div>\n\t\t\t\t\t<\/div>\n\t\t<\/section>\n\t\t\t\t<section class=\"elementor-section elementor-top-section elementor-element elementor-element-35882f7 elementor-section-boxed elementor-section-height-default elementor-section-height-default\" data-id=\"35882f7\" data-element_type=\"section\" data-e-type=\"section\" data-settings=\"{&quot;background_background&quot;:&quot;classic&quot;}\">\n\t\t\t\t\t\t<div class=\"elementor-container elementor-column-gap-default\">\n\t\t\t\t\t<div data-dce-background-color=\"#FFFFFF\" class=\"elementor-column elementor-col-100 elementor-top-column elementor-element elementor-element-6632791\" data-id=\"6632791\" data-element_type=\"column\" data-e-type=\"column\" data-settings=\"{&quot;background_background&quot;:&quot;classic&quot;}\">\n\t\t\t<div class=\"elementor-widget-wrap elementor-element-populated\">\n\t\t\t\t\t\t<footer class=\"elementor-section elementor-inner-section elementor-element elementor-element-3a5042c elementor-section-boxed elementor-section-height-default elementor-section-height-default\" data-id=\"3a5042c\" data-element_type=\"section\" data-e-type=\"section\">\n\t\t\t\t\t\t<div class=\"elementor-container elementor-column-gap-default\">\n\t\t\t\t\t<div class=\"elementor-column elementor-col-100 elementor-inner-column elementor-element elementor-element-16a462d\" data-id=\"16a462d\" data-element_type=\"column\" data-e-type=\"column\">\n\t\t\t<div class=\"elementor-widget-wrap elementor-element-populated\">\n\t\t\t\t\t\t<div class=\"elementor-element elementor-element-0afd1e0 elementor-widget elementor-widget-heading\" data-id=\"0afd1e0\" data-element_type=\"widget\" data-e-type=\"widget\" data-widget_type=\"heading.default\">\n\t\t\t\t<div class=\"elementor-widget-container\">\n\t\t\t\t\t<h2 class=\"elementor-heading-title elementor-size-default\">Nuestras Capacidades <\/h2>\t\t\t\t<\/div>\n\t\t\t\t<\/div>\n\t\t\t\t\t<\/div>\n\t\t<\/div>\n\t\t\t\t\t<\/div>\n\t\t<\/footer>\n\t\t\t\t<footer class=\"elementor-section elementor-inner-section elementor-element elementor-element-3f4b8aa elementor-section-boxed elementor-section-height-default elementor-section-height-default\" data-id=\"3f4b8aa\" data-element_type=\"section\" data-e-type=\"section\">\n\t\t\t\t\t\t<div class=\"elementor-container elementor-column-gap-default\">\n\t\t\t\t\t<div class=\"elementor-column elementor-col-33 elementor-inner-column elementor-element elementor-element-d95ebc7\" data-id=\"d95ebc7\" data-element_type=\"column\" data-e-type=\"column\">\n\t\t\t<div class=\"elementor-widget-wrap elementor-element-populated\">\n\t\t\t\t\t\t<div data-dce-advanced-background-color=\"#FFFFFF\" class=\"elementor-element elementor-element-b548b36 dce_masking-none elementor-position-top elementor-widget elementor-widget-image-box\" data-id=\"b548b36\" data-element_type=\"widget\" data-e-type=\"widget\" data-widget_type=\"image-box.default\">\n\t\t\t\t<div class=\"elementor-widget-container\">\n\t\t\t\t\t<div class=\"elementor-image-box-wrapper\"><figure class=\"elementor-image-box-img\"><a href=\"https:\/\/sherwin-williams-latam.com\/es\/por-que-nos\/experiencia-de-clase-global\/\" tabindex=\"-1\"><img decoding=\"async\" width=\"1730\" height=\"1038\" src=\"https:\/\/sherwin-williams-latam.com\/wp-content\/uploads\/2021\/03\/capacidades-1.jpg\" class=\"attachment-full size-full wp-image-2664\" alt=\"capacidades 1\" srcset=\"https:\/\/sherwin-williams-latam.com\/wp-content\/uploads\/2021\/03\/capacidades-1.jpg 1730w, https:\/\/sherwin-williams-latam.com\/wp-content\/uploads\/2021\/03\/capacidades-1-300x180.jpg 300w, https:\/\/sherwin-williams-latam.com\/wp-content\/uploads\/2021\/03\/capacidades-1-1024x614.jpg 1024w, https:\/\/sherwin-williams-latam.com\/wp-content\/uploads\/2021\/03\/capacidades-1-768x461.jpg 768w, https:\/\/sherwin-williams-latam.com\/wp-content\/uploads\/2021\/03\/capacidades-1-1536x922.jpg 1536w\" sizes=\"(max-width: 1730px) 100vw, 1730px\" \/><\/a><\/figure><div class=\"elementor-image-box-content\"><h3 class=\"elementor-image-box-title\"><a href=\"https:\/\/sherwin-williams-latam.com\/es\/por-que-nos\/experiencia-de-clase-global\/\">Experiencia en la ind\u00fastria<\/a><\/h3><p class=\"elementor-image-box-description\">El mejor talento. Los recursos m\u00e1s dedicados. Profundo conocimiento de la industria y a\u00f1os de experiencia en el campo. Y en el medio, nuestros clientes.<\/p><\/div><\/div>\t\t\t\t<\/div>\n\t\t\t\t<\/div>\n\t\t\t\t\t<\/div>\n\t\t<\/div>\n\t\t\t\t<div class=\"elementor-column elementor-col-33 elementor-inner-column elementor-element elementor-element-f4f900d\" data-id=\"f4f900d\" data-element_type=\"column\" data-e-type=\"column\">\n\t\t\t<div class=\"elementor-widget-wrap elementor-element-populated\">\n\t\t\t\t\t\t<div data-dce-advanced-background-color=\"#FFFFFF\" class=\"elementor-element elementor-element-53c5df9 dce_masking-none elementor-position-top elementor-widget elementor-widget-image-box\" data-id=\"53c5df9\" data-element_type=\"widget\" data-e-type=\"widget\" data-widget_type=\"image-box.default\">\n\t\t\t\t<div class=\"elementor-widget-container\">\n\t\t\t\t\t<div class=\"elementor-image-box-wrapper\"><figure class=\"elementor-image-box-img\"><a href=\"https:\/\/sherwin-williams-latam.com\/es\/por-que-nos\/mirando-hacia-el-futuro\/\" tabindex=\"-1\"><img decoding=\"async\" width=\"1730\" height=\"1038\" src=\"https:\/\/sherwin-williams-latam.com\/wp-content\/uploads\/2021\/03\/capacidades-2.jpg\" class=\"attachment-full size-full wp-image-2668\" alt=\"\" srcset=\"https:\/\/sherwin-williams-latam.com\/wp-content\/uploads\/2021\/03\/capacidades-2.jpg 1730w, https:\/\/sherwin-williams-latam.com\/wp-content\/uploads\/2021\/03\/capacidades-2-300x180.jpg 300w, https:\/\/sherwin-williams-latam.com\/wp-content\/uploads\/2021\/03\/capacidades-2-1024x614.jpg 1024w, https:\/\/sherwin-williams-latam.com\/wp-content\/uploads\/2021\/03\/capacidades-2-768x461.jpg 768w, https:\/\/sherwin-williams-latam.com\/wp-content\/uploads\/2021\/03\/capacidades-2-1536x922.jpg 1536w\" sizes=\"(max-width: 1730px) 100vw, 1730px\" \/><\/a><\/figure><div class=\"elementor-image-box-content\"><h3 class=\"elementor-image-box-title\"><a href=\"https:\/\/sherwin-williams-latam.com\/es\/por-que-nos\/mirando-hacia-el-futuro\/\">Sostenibilidad<\/a><\/h3><p class=\"elementor-image-box-description\">Mirar hacia el futuro es c\u00f3mo honramos nuestro pasado. Construir sobre la base de la tradici\u00f3n de excelencia nos impulsa a explorar nuevas y mejores formas de proteger los activos y las comunidades de nuestros clientes.<\/p><\/div><\/div>\t\t\t\t<\/div>\n\t\t\t\t<\/div>\n\t\t\t\t\t<\/div>\n\t\t<\/div>\n\t\t\t\t<div class=\"elementor-column elementor-col-33 elementor-inner-column elementor-element elementor-element-e4f7d89\" data-id=\"e4f7d89\" data-element_type=\"column\" data-e-type=\"column\">\n\t\t\t<div class=\"elementor-widget-wrap elementor-element-populated\">\n\t\t\t\t\t\t<div data-dce-advanced-background-color=\"#FFFFFF\" class=\"elementor-element elementor-element-fe516d6 dce_masking-none elementor-position-top elementor-widget elementor-widget-image-box\" data-id=\"fe516d6\" data-element_type=\"widget\" data-e-type=\"widget\" data-widget_type=\"image-box.default\">\n\t\t\t\t<div class=\"elementor-widget-container\">\n\t\t\t\t\t<div class=\"elementor-image-box-wrapper\"><figure class=\"elementor-image-box-img\"><a href=\"https:\/\/sherwin-williams-latam.com\/es\/por-que-nos\/abriendo-el-camino\/\" tabindex=\"-1\"><img loading=\"lazy\" decoding=\"async\" width=\"1730\" height=\"1038\" src=\"https:\/\/sherwin-williams-latam.com\/wp-content\/uploads\/2021\/03\/capacidades-4.jpg\" class=\"attachment-full size-full wp-image-2666\" alt=\"capacidades 4\" srcset=\"https:\/\/sherwin-williams-latam.com\/wp-content\/uploads\/2021\/03\/capacidades-4.jpg 1730w, https:\/\/sherwin-williams-latam.com\/wp-content\/uploads\/2021\/03\/capacidades-4-300x180.jpg 300w, https:\/\/sherwin-williams-latam.com\/wp-content\/uploads\/2021\/03\/capacidades-4-1024x614.jpg 1024w, https:\/\/sherwin-williams-latam.com\/wp-content\/uploads\/2021\/03\/capacidades-4-768x461.jpg 768w, https:\/\/sherwin-williams-latam.com\/wp-content\/uploads\/2021\/03\/capacidades-4-1536x922.jpg 1536w\" sizes=\"(max-width: 1730px) 100vw, 1730px\" \/><\/a><\/figure><div class=\"elementor-image-box-content\"><h3 class=\"elementor-image-box-title\"><a href=\"https:\/\/sherwin-williams-latam.com\/es\/por-que-nos\/abriendo-el-camino\/\">Innovaci\u00f3n <\/a><\/h3><p class=\"elementor-image-box-description\">Enfoque resuelto en anticipar y superar las expectativas de nuestros clientes respaldado por la fuerza de un actor global l\u00edder.<\/p><\/div><\/div>\t\t\t\t<\/div>\n\t\t\t\t<\/div>\n\t\t\t\t\t<\/div>\n\t\t<\/div>\n\t\t\t\t\t<\/div>\n\t\t<\/footer>\n\t\t\t\t\t<\/div>\n\t\t<\/div>\n\t\t\t\t\t<\/div>\n\t\t<\/section>\n\t\t\t\t<\/div>\n\t\t","protected":false},"excerpt":{"rendered":"<p>Alcance Global Nuestro portafolio Global Core incluye productos disponibles con el mismo est\u00e1ndar de calidad y desempe\u00f1o en cualquier parte del mundo. Ver Produtos Globais En Sherwin-Williams Protective &#038; Marine, nuestro compromiso de ser el recurso confiable del cliente se extiende a todos los sectores, y m\u00e1s all\u00e1 de las fronteras. Con nuestra base de [&hellip;]<\/p>\n","protected":false},"author":1,"featured_media":0,"parent":2660,"menu_order":0,"comment_status":"closed","ping_status":"closed","template":"","meta":{"footnotes":""},"class_list":["post-3072","page","type-page","status-publish","hentry"],"_links":{"self":[{"href":"https:\/\/sherwin-williams-latam.com\/es\/wp-json\/wp\/v2\/pages\/3072","targetHints":{"allow":["GET"]}}],"collection":[{"href":"https:\/\/sherwin-williams-latam.com\/es\/wp-json\/wp\/v2\/pages"}],"about":[{"href":"https:\/\/sherwin-williams-latam.com\/es\/wp-json\/wp\/v2\/types\/page"}],"author":[{"embeddable":true,"href":"https:\/\/sherwin-williams-latam.com\/es\/wp-json\/wp\/v2\/users\/1"}],"replies":[{"embeddable":true,"href":"https:\/\/sherwin-williams-latam.com\/es\/wp-json\/wp\/v2\/comments?post=3072"}],"version-history":[{"count":0,"href":"https:\/\/sherwin-williams-latam.com\/es\/wp-json\/wp\/v2\/pages\/3072\/revisions"}],"up":[{"embeddable":true,"href":"https:\/\/sherwin-williams-latam.com\/es\/wp-json\/wp\/v2\/pages\/2660"}],"wp:attachment":[{"href":"https:\/\/sherwin-williams-latam.com\/es\/wp-json\/wp\/v2\/media?parent=3072"}],"curies":[{"name":"wp","href":"https:\/\/api.w.org\/{rel}","templated":true}]}}