{"id":3085,"date":"2021-10-19T14:03:55","date_gmt":"2021-10-19T17:03:55","guid":{"rendered":"https:\/\/sherwin-williams-latam.com\/por-que-nos\/mirando-hacia-el-futuro\/"},"modified":"2023-08-10T10:42:29","modified_gmt":"2023-08-10T13:42:29","slug":"mirando-hacia-el-futuro","status":"publish","type":"page","link":"https:\/\/sherwin-williams-latam.com\/es\/por-que-nos\/mirando-hacia-el-futuro\/","title":{"rendered":"Mirando hacia el futuro"},"content":{"rendered":"\t\t<div data-elementor-type=\"wp-page\" data-elementor-id=\"3085\" class=\"elementor elementor-3085 elementor-1432\" data-elementor-post-type=\"page\">\n\t\t\t\t\t\t<footer class=\"elementor-section elementor-top-section elementor-element elementor-element-7e3ef40 elementor-section-boxed elementor-section-height-default elementor-section-height-default\" data-id=\"7e3ef40\" data-element_type=\"section\" data-e-type=\"section\" data-settings=\"{&quot;background_background&quot;:&quot;classic&quot;}\">\n\t\t\t\t\t\t<div class=\"elementor-container elementor-column-gap-default\">\n\t\t\t\t\t<div data-dce-background-image-url=\"https:\/\/sherwin-williams-latam.com\/wp-content\/uploads\/2021\/03\/Earth-forest_GettyImages-943875208_SmartCropFourToThree.jpg\" class=\"elementor-column elementor-col-100 elementor-top-column elementor-element elementor-element-1c61948\" data-id=\"1c61948\" data-element_type=\"column\" data-e-type=\"column\" data-settings=\"{&quot;background_background&quot;:&quot;classic&quot;}\">\n\t\t\t<div class=\"elementor-widget-wrap elementor-element-populated\">\n\t\t\t\t\t\t<footer data-dce-background-color=\"#FFFFFF\" data-dce-background-image-url=\"https:\/\/sherwin-williams-latam.com\/wp-content\/uploads\/2021\/03\/Earth-forest_GettyImages-943875208_SmartCropFourToThree.jpg\" class=\"elementor-section elementor-inner-section elementor-element elementor-element-fbb1013 elementor-section-boxed elementor-section-height-default elementor-section-height-default\" data-id=\"fbb1013\" data-element_type=\"section\" data-e-type=\"section\" data-settings=\"{&quot;background_background&quot;:&quot;classic&quot;}\">\n\t\t\t\t\t\t<div class=\"elementor-container elementor-column-gap-default\">\n\t\t\t\t\t<div data-dce-background-color=\"#FFFFFFF2\" class=\"elementor-column elementor-col-50 elementor-inner-column elementor-element elementor-element-5b6faee\" data-id=\"5b6faee\" data-element_type=\"column\" data-e-type=\"column\" data-settings=\"{&quot;background_background&quot;:&quot;classic&quot;}\">\n\t\t\t<div class=\"elementor-widget-wrap elementor-element-populated\">\n\t\t\t\t\t\t<div class=\"elementor-element elementor-element-46e231e elementor-widget elementor-widget-heading\" data-id=\"46e231e\" data-element_type=\"widget\" data-e-type=\"widget\" data-widget_type=\"heading.default\">\n\t\t\t\t<div class=\"elementor-widget-container\">\n\t\t\t\t\t<h1 class=\"elementor-heading-title elementor-size-default\">Mirando hacia el futuro<\/h1>\t\t\t\t<\/div>\n\t\t\t\t<\/div>\n\t\t\t\t<div class=\"elementor-element elementor-element-d5b7c22 elementor-widget elementor-widget-text-editor\" data-id=\"d5b7c22\" data-element_type=\"widget\" data-e-type=\"widget\" data-widget_type=\"text-editor.default\">\n\t\t\t\t<div class=\"elementor-widget-container\">\n\t\t\t\t\t\t\t\t\t<p><span style=\"font-weight: 400;\">Sotenibilidad: imprescindible para el ma\u00f1ana<\/span><\/p>\t\t\t\t\t\t\t\t<\/div>\n\t\t\t\t<\/div>\n\t\t\t\t<div class=\"elementor-element elementor-element-f774541 elementor-align-left elementor-mobile-align-center elementor-widget-mobile__width-inherit elementor-widget elementor-widget-button\" data-id=\"f774541\" data-element_type=\"widget\" data-e-type=\"widget\" data-widget_type=\"button.default\">\n\t\t\t\t<div class=\"elementor-widget-container\">\n\t\t\t\t\t\t\t\t\t<div class=\"elementor-button-wrapper\">\n\t\t\t\t\t<a class=\"elementor-button elementor-button-link elementor-size-md\" href=\"https:\/\/pages.s-w.com\/contact-latam-cl-es.html\" target=\"_blank\" rel=\"noopener\">\n\t\t\t\t\t\t<span class=\"elementor-button-content-wrapper\">\n\t\t\t\t\t\t\t\t\t<span class=\"elementor-button-text\">Entre en contacto<\/span>\n\t\t\t\t\t<\/span>\n\t\t\t\t\t<\/a>\n\t\t\t\t<\/div>\n\t\t\t\t\t\t\t\t<\/div>\n\t\t\t\t<\/div>\n\t\t\t\t\t<\/div>\n\t\t<\/div>\n\t\t\t\t<div class=\"elementor-column elementor-col-50 elementor-inner-column elementor-element elementor-element-5c6e0d7 elementor-hidden-phone\" data-id=\"5c6e0d7\" data-element_type=\"column\" data-e-type=\"column\" data-settings=\"{&quot;background_background&quot;:&quot;classic&quot;}\">\n\t\t\t<div class=\"elementor-widget-wrap\">\n\t\t\t\t\t\t\t<\/div>\n\t\t<\/div>\n\t\t\t\t\t<\/div>\n\t\t<\/footer>\n\t\t\t\t\t<\/div>\n\t\t<\/div>\n\t\t\t\t\t<\/div>\n\t\t<\/footer>\n\t\t\t\t<section class=\"elementor-section elementor-top-section elementor-element elementor-element-d502656 elementor-section-boxed elementor-section-height-default elementor-section-height-default\" data-id=\"d502656\" data-element_type=\"section\" data-e-type=\"section\">\n\t\t\t\t\t\t\t<div class=\"elementor-background-overlay\"><\/div>\n\t\t\t\t\t\t\t<div class=\"elementor-container elementor-column-gap-default\">\n\t\t\t\t\t<div data-dce-background-color=\"#FFFFFF\" class=\"elementor-column elementor-col-100 elementor-top-column elementor-element elementor-element-519ce94\" data-id=\"519ce94\" data-element_type=\"column\" data-e-type=\"column\" data-settings=\"{&quot;background_background&quot;:&quot;classic&quot;}\">\n\t\t\t<div class=\"elementor-widget-wrap elementor-element-populated\">\n\t\t\t\t\t\t<div class=\"elementor-element elementor-element-1a65093 elementor-widget elementor-widget-text-editor\" data-id=\"1a65093\" data-element_type=\"widget\" data-e-type=\"widget\" data-widget_type=\"text-editor.default\">\n\t\t\t\t<div class=\"elementor-widget-container\">\n\t\t\t\t\t\t\t\t\t<p><span style=\"font-weight: 400;\">Con m\u00e1s de 150 a\u00f1os de exitosa responsabilidad corporativa, proteger el mundo en el que vivimos es un valor fundamental en Sherwin-Williams.<\/span><\/p>\n<p><span style=\"font-weight: 400;\">Ya sea la certificaci\u00f3n LEED o las regulaciones VOC, primero mantenemos las normas y regulaciones ambientales, comprometidos con la reducci\u00f3n del impacto ambiental en \u00e1reas como las emisiones de gases de efecto invernadero, el consumo de electricidad y la reducci\u00f3n de desechos.<\/span><\/p>\n<p><span style=\"font-weight: 400;\">La formulaci\u00f3n de recubrimientos duraderos y duraderos que extienden el ciclo de vida de los activos, minimizando la necesidad de reemplazo y rehabilitaci\u00f3n, es solo un ejemplo de nuestro incansable enfoque en mejorar nuestros programas ambientales y de sustentabilidad.<\/span><\/p>\n<p><span style=\"font-weight: 400;\">Desde las f\u00e1bricas donde se fabrican nuestros productos hasta el lugar de compra, Sherwin-Williams invierte en iniciativas de sostenibilidad guiadas por las necesidades de nuestras comunidades y clientes para desarrollar nuestros negocios con cuidado.<\/span><\/p>\n\t\t\t\t\t\t\t\t<\/div>\n\t\t\t\t<\/div>\n\t\t\t\t\t<\/div>\n\t\t<\/div>\n\t\t\t\t\t<\/div>\n\t\t<\/section>\n\t\t\t\t<section class=\"elementor-section elementor-top-section elementor-element elementor-element-35882f7 elementor-section-boxed elementor-section-height-default elementor-section-height-default\" data-id=\"35882f7\" data-element_type=\"section\" data-e-type=\"section\" data-settings=\"{&quot;background_background&quot;:&quot;classic&quot;}\">\n\t\t\t\t\t\t<div class=\"elementor-container elementor-column-gap-default\">\n\t\t\t\t\t<div data-dce-background-color=\"#FFFFFF\" class=\"elementor-column elementor-col-100 elementor-top-column elementor-element elementor-element-6632791\" data-id=\"6632791\" data-element_type=\"column\" data-e-type=\"column\" data-settings=\"{&quot;background_background&quot;:&quot;classic&quot;}\">\n\t\t\t<div class=\"elementor-widget-wrap elementor-element-populated\">\n\t\t\t\t\t\t<footer class=\"elementor-section elementor-inner-section elementor-element elementor-element-3a5042c elementor-section-boxed elementor-section-height-default elementor-section-height-default\" data-id=\"3a5042c\" data-element_type=\"section\" data-e-type=\"section\">\n\t\t\t\t\t\t<div class=\"elementor-container elementor-column-gap-default\">\n\t\t\t\t\t<div class=\"elementor-column elementor-col-100 elementor-inner-column elementor-element elementor-element-16a462d\" data-id=\"16a462d\" data-element_type=\"column\" data-e-type=\"column\">\n\t\t\t<div class=\"elementor-widget-wrap elementor-element-populated\">\n\t\t\t\t\t\t<div class=\"elementor-element elementor-element-4c07569 elementor-widget elementor-widget-heading\" data-id=\"4c07569\" data-element_type=\"widget\" data-e-type=\"widget\" data-widget_type=\"heading.default\">\n\t\t\t\t<div class=\"elementor-widget-container\">\n\t\t\t\t\t<h2 class=\"elementor-heading-title elementor-size-default\">Nuestras Capacidades <\/h2>\t\t\t\t<\/div>\n\t\t\t\t<\/div>\n\t\t\t\t\t<\/div>\n\t\t<\/div>\n\t\t\t\t\t<\/div>\n\t\t<\/footer>\n\t\t\t\t<footer class=\"elementor-section elementor-inner-section elementor-element elementor-element-3f4b8aa elementor-section-boxed elementor-section-height-default elementor-section-height-default\" data-id=\"3f4b8aa\" data-element_type=\"section\" data-e-type=\"section\">\n\t\t\t\t\t\t<div class=\"elementor-container elementor-column-gap-default\">\n\t\t\t\t\t<div class=\"elementor-column elementor-col-33 elementor-inner-column elementor-element elementor-element-d95ebc7\" data-id=\"d95ebc7\" data-element_type=\"column\" data-e-type=\"column\">\n\t\t\t<div class=\"elementor-widget-wrap elementor-element-populated\">\n\t\t\t\t\t\t<div data-dce-advanced-background-color=\"#FFFFFF\" class=\"elementor-element elementor-element-45cef72 dce_masking-none elementor-position-top elementor-widget elementor-widget-image-box\" data-id=\"45cef72\" data-element_type=\"widget\" data-e-type=\"widget\" data-widget_type=\"image-box.default\">\n\t\t\t\t<div class=\"elementor-widget-container\">\n\t\t\t\t\t<div class=\"elementor-image-box-wrapper\"><figure class=\"elementor-image-box-img\"><a href=\"https:\/\/sherwin-williams-latam.com\/es\/por-que-nos\/alcance-global\/\" tabindex=\"-1\"><img fetchpriority=\"high\" decoding=\"async\" width=\"1730\" height=\"1038\" src=\"https:\/\/sherwin-williams-latam.com\/wp-content\/uploads\/2021\/03\/capacidades-3.jpg\" class=\"attachment-full size-full wp-image-2662\" alt=\"capacidades 3\" srcset=\"https:\/\/sherwin-williams-latam.com\/wp-content\/uploads\/2021\/03\/capacidades-3.jpg 1730w, https:\/\/sherwin-williams-latam.com\/wp-content\/uploads\/2021\/03\/capacidades-3-300x180.jpg 300w, https:\/\/sherwin-williams-latam.com\/wp-content\/uploads\/2021\/03\/capacidades-3-1024x614.jpg 1024w, https:\/\/sherwin-williams-latam.com\/wp-content\/uploads\/2021\/03\/capacidades-3-768x461.jpg 768w, https:\/\/sherwin-williams-latam.com\/wp-content\/uploads\/2021\/03\/capacidades-3-1536x922.jpg 1536w\" sizes=\"(max-width: 1730px) 100vw, 1730px\" \/><\/a><\/figure><div class=\"elementor-image-box-content\"><h3 class=\"elementor-image-box-title\"><a href=\"https:\/\/sherwin-williams-latam.com\/es\/por-que-nos\/alcance-global\/\">Alcance Global<\/a><\/h3><p class=\"elementor-image-box-description\">Desde la mejor experiencia en la industria hasta la coordinaci\u00f3n de proyectos globales, nuestra presencia internacional nos permite servir a los clientes dondequiera que los lleve su negocio.<\/p><\/div><\/div>\t\t\t\t<\/div>\n\t\t\t\t<\/div>\n\t\t\t\t\t<\/div>\n\t\t<\/div>\n\t\t\t\t<div class=\"elementor-column elementor-col-33 elementor-inner-column elementor-element elementor-element-f4f900d\" data-id=\"f4f900d\" data-element_type=\"column\" data-e-type=\"column\">\n\t\t\t<div class=\"elementor-widget-wrap elementor-element-populated\">\n\t\t\t\t\t\t<div data-dce-advanced-background-color=\"#FFFFFF\" class=\"elementor-element elementor-element-e002c7b dce_masking-none elementor-position-top elementor-widget elementor-widget-image-box\" data-id=\"e002c7b\" data-element_type=\"widget\" data-e-type=\"widget\" data-widget_type=\"image-box.default\">\n\t\t\t\t<div class=\"elementor-widget-container\">\n\t\t\t\t\t<div class=\"elementor-image-box-wrapper\"><figure class=\"elementor-image-box-img\"><a href=\"https:\/\/sherwin-williams-latam.com\/es\/por-que-nos\/experiencia-de-clase-global\/\" tabindex=\"-1\"><img decoding=\"async\" width=\"1730\" height=\"1038\" src=\"https:\/\/sherwin-williams-latam.com\/wp-content\/uploads\/2021\/03\/capacidades-1.jpg\" class=\"attachment-full size-full wp-image-2664\" alt=\"capacidades 1\" srcset=\"https:\/\/sherwin-williams-latam.com\/wp-content\/uploads\/2021\/03\/capacidades-1.jpg 1730w, https:\/\/sherwin-williams-latam.com\/wp-content\/uploads\/2021\/03\/capacidades-1-300x180.jpg 300w, https:\/\/sherwin-williams-latam.com\/wp-content\/uploads\/2021\/03\/capacidades-1-1024x614.jpg 1024w, https:\/\/sherwin-williams-latam.com\/wp-content\/uploads\/2021\/03\/capacidades-1-768x461.jpg 768w, https:\/\/sherwin-williams-latam.com\/wp-content\/uploads\/2021\/03\/capacidades-1-1536x922.jpg 1536w\" sizes=\"(max-width: 1730px) 100vw, 1730px\" \/><\/a><\/figure><div class=\"elementor-image-box-content\"><h3 class=\"elementor-image-box-title\"><a href=\"https:\/\/sherwin-williams-latam.com\/es\/por-que-nos\/experiencia-de-clase-global\/\">Experiencia en la ind\u00fastria<\/a><\/h3><p class=\"elementor-image-box-description\">El mejor talento. Los recursos m\u00e1s dedicados. Profundo conocimiento de la industria y a\u00f1os de experiencia en el campo. Y en el medio, nuestros clientes.<\/p><\/div><\/div>\t\t\t\t<\/div>\n\t\t\t\t<\/div>\n\t\t\t\t\t<\/div>\n\t\t<\/div>\n\t\t\t\t<div class=\"elementor-column elementor-col-33 elementor-inner-column elementor-element elementor-element-e4f7d89\" data-id=\"e4f7d89\" data-element_type=\"column\" data-e-type=\"column\">\n\t\t\t<div class=\"elementor-widget-wrap elementor-element-populated\">\n\t\t\t\t\t\t<div data-dce-advanced-background-color=\"#FFFFFF\" class=\"elementor-element elementor-element-75ea290 dce_masking-none elementor-position-top elementor-widget elementor-widget-image-box\" data-id=\"75ea290\" data-element_type=\"widget\" data-e-type=\"widget\" data-widget_type=\"image-box.default\">\n\t\t\t\t<div class=\"elementor-widget-container\">\n\t\t\t\t\t<div class=\"elementor-image-box-wrapper\"><figure class=\"elementor-image-box-img\"><a href=\"https:\/\/sherwin-williams-latam.com\/es\/por-que-nos\/abriendo-el-camino\/\" tabindex=\"-1\"><img decoding=\"async\" width=\"1730\" height=\"1038\" src=\"https:\/\/sherwin-williams-latam.com\/wp-content\/uploads\/2021\/03\/capacidades-4.jpg\" class=\"attachment-full size-full wp-image-2666\" alt=\"capacidades 4\" srcset=\"https:\/\/sherwin-williams-latam.com\/wp-content\/uploads\/2021\/03\/capacidades-4.jpg 1730w, https:\/\/sherwin-williams-latam.com\/wp-content\/uploads\/2021\/03\/capacidades-4-300x180.jpg 300w, https:\/\/sherwin-williams-latam.com\/wp-content\/uploads\/2021\/03\/capacidades-4-1024x614.jpg 1024w, https:\/\/sherwin-williams-latam.com\/wp-content\/uploads\/2021\/03\/capacidades-4-768x461.jpg 768w, https:\/\/sherwin-williams-latam.com\/wp-content\/uploads\/2021\/03\/capacidades-4-1536x922.jpg 1536w\" sizes=\"(max-width: 1730px) 100vw, 1730px\" \/><\/a><\/figure><div class=\"elementor-image-box-content\"><h3 class=\"elementor-image-box-title\"><a href=\"https:\/\/sherwin-williams-latam.com\/es\/por-que-nos\/abriendo-el-camino\/\">Innovaci\u00f3n <\/a><\/h3><p class=\"elementor-image-box-description\">Enfoque resuelto en anticipar y superar las expectativas de nuestros clientes respaldado por la fuerza de un actor global l\u00edder.<\/p><\/div><\/div>\t\t\t\t<\/div>\n\t\t\t\t<\/div>\n\t\t\t\t\t<\/div>\n\t\t<\/div>\n\t\t\t\t\t<\/div>\n\t\t<\/footer>\n\t\t\t\t\t<\/div>\n\t\t<\/div>\n\t\t\t\t\t<\/div>\n\t\t<\/section>\n\t\t\t\t<\/div>\n\t\t","protected":false},"excerpt":{"rendered":"<p>Mirando hacia el futuro Sotenibilidad: imprescindible para el ma\u00f1ana Entre en contacto Con m\u00e1s de 150 a\u00f1os de exitosa responsabilidad corporativa, proteger el mundo en el que vivimos es un valor fundamental en Sherwin-Williams. Ya sea la certificaci\u00f3n LEED o las regulaciones VOC, primero mantenemos las normas y regulaciones ambientales, comprometidos con la reducci\u00f3n del [&hellip;]<\/p>\n","protected":false},"author":1,"featured_media":0,"parent":2660,"menu_order":0,"comment_status":"closed","ping_status":"closed","template":"","meta":{"footnotes":""},"class_list":["post-3085","page","type-page","status-publish","hentry"],"_links":{"self":[{"href":"https:\/\/sherwin-williams-latam.com\/es\/wp-json\/wp\/v2\/pages\/3085","targetHints":{"allow":["GET"]}}],"collection":[{"href":"https:\/\/sherwin-williams-latam.com\/es\/wp-json\/wp\/v2\/pages"}],"about":[{"href":"https:\/\/sherwin-williams-latam.com\/es\/wp-json\/wp\/v2\/types\/page"}],"author":[{"embeddable":true,"href":"https:\/\/sherwin-williams-latam.com\/es\/wp-json\/wp\/v2\/users\/1"}],"replies":[{"embeddable":true,"href":"https:\/\/sherwin-williams-latam.com\/es\/wp-json\/wp\/v2\/comments?post=3085"}],"version-history":[{"count":0,"href":"https:\/\/sherwin-williams-latam.com\/es\/wp-json\/wp\/v2\/pages\/3085\/revisions"}],"up":[{"embeddable":true,"href":"https:\/\/sherwin-williams-latam.com\/es\/wp-json\/wp\/v2\/pages\/2660"}],"wp:attachment":[{"href":"https:\/\/sherwin-williams-latam.com\/es\/wp-json\/wp\/v2\/media?parent=3085"}],"curies":[{"name":"wp","href":"https:\/\/api.w.org\/{rel}","templated":true}]}}