{"id":4429,"date":"2022-01-06T11:53:42","date_gmt":"2022-01-06T14:53:42","guid":{"rendered":"https:\/\/sherwin-williams-latam.com\/mapa-del-sitio\/"},"modified":"2022-01-06T17:09:35","modified_gmt":"2022-01-06T20:09:35","slug":"mapa-del-sitio","status":"publish","type":"page","link":"https:\/\/sherwin-williams-latam.com\/es\/mapa-del-sitio\/","title":{"rendered":"Mapa del Sitio"},"content":{"rendered":"\t\t<div data-elementor-type=\"wp-page\" data-elementor-id=\"4429\" class=\"elementor elementor-4429 elementor-4388\" data-elementor-post-type=\"page\">\n\t\t\t\t\t\t<section class=\"elementor-section elementor-top-section elementor-element elementor-element-784b570 elementor-section-boxed elementor-section-height-default elementor-section-height-default\" data-id=\"784b570\" data-element_type=\"section\" data-e-type=\"section\" data-settings=\"{&quot;background_background&quot;:&quot;classic&quot;}\">\n\t\t\t\t\t\t<div class=\"elementor-container elementor-column-gap-default\">\n\t\t\t\t\t<div data-dce-background-color=\"#F5FBFE\" class=\"elementor-column elementor-col-100 elementor-top-column elementor-element elementor-element-e486346\" data-id=\"e486346\" data-element_type=\"column\" data-e-type=\"column\" data-settings=\"{&quot;background_background&quot;:&quot;classic&quot;}\">\n\t\t\t<div class=\"elementor-widget-wrap elementor-element-populated\">\n\t\t\t\t\t\t<div class=\"elementor-element elementor-element-282e881 elementor-widget elementor-widget-heading\" data-id=\"282e881\" data-element_type=\"widget\" data-e-type=\"widget\" data-widget_type=\"heading.default\">\n\t\t\t\t<div class=\"elementor-widget-container\">\n\t\t\t\t\t<h2 class=\"elementor-heading-title elementor-size-default\">Mapa del Sitio<\/h2>\t\t\t\t<\/div>\n\t\t\t\t<\/div>\n\t\t\t\t\t<\/div>\n\t\t<\/div>\n\t\t\t\t\t<\/div>\n\t\t<\/section>\n\t\t\t\t<section class=\"elementor-section elementor-top-section elementor-element elementor-element-b8d4fa8 elementor-section-boxed elementor-section-height-default elementor-section-height-default\" data-id=\"b8d4fa8\" data-element_type=\"section\" data-e-type=\"section\" data-settings=\"{&quot;background_background&quot;:&quot;classic&quot;}\">\n\t\t\t\t\t\t<div class=\"elementor-container elementor-column-gap-default\">\n\t\t\t\t\t<div data-dce-background-color=\"#FFFFFF\" class=\"elementor-column elementor-col-50 elementor-top-column elementor-element elementor-element-b6c97ff\" data-id=\"b6c97ff\" data-element_type=\"column\" data-e-type=\"column\" data-settings=\"{&quot;background_background&quot;:&quot;classic&quot;}\">\n\t\t\t<div class=\"elementor-widget-wrap elementor-element-populated\">\n\t\t\t\t\t\t<div class=\"elementor-element elementor-element-c9aa14a elementor-widget elementor-widget-heading\" data-id=\"c9aa14a\" data-element_type=\"widget\" data-e-type=\"widget\" data-widget_type=\"heading.default\">\n\t\t\t\t<div class=\"elementor-widget-container\">\n\t\t\t\t\t<h2 class=\"elementor-heading-title elementor-size-default\"><a href=\"https:\/\/sherwin-williams-latam.com\/produtos-por-industria\/\">Productos por Industria<\/a><\/h2>\t\t\t\t<\/div>\n\t\t\t\t<\/div>\n\t\t\t\t<div class=\"elementor-element elementor-element-7c9208e elementor-widget elementor-widget-text-editor\" data-id=\"7c9208e\" data-element_type=\"widget\" data-e-type=\"widget\" data-widget_type=\"text-editor.default\">\n\t\t\t\t<div class=\"elementor-widget-container\">\n\t\t\t\t\t\t\t\t\t<li><a href=\"https:\/\/sherwin-williams-latam.com\/es\/produtos\/\">Todos los Productos<\/a><\/li>\n<li><a href=\"https:\/\/sherwin-williams-latam.com\/es\/categoria-de-produtos\/alimentos-y-bebidas\/\">Alimentos y Bebidas<\/a><\/li>\n<li><a href=\"https:\/\/sherwin-williams-latam.com\/es\/categoria-de-produtos\/cui-corrosion-bajo-aislamiento\/\">CUI &#8211; Corrosi\u00f3n Bajo Aislamiento<\/a><\/li>\n<li><a href=\"https:\/\/sherwin-williams-latam.com\/es\/categoria-de-produtos\/estructuras-metalicas\/\">Estructuras Met\u00e1licas<\/a><\/li>\n<li><a href=\"https:\/\/sherwin-williams-latam.com\/es\/categoria-de-produtos\/functional-coatings-es\/\">Functional Coatings<\/a><\/li>\n<li><a href=\"https:\/\/sherwin-williams-latam.com\/es\/categoria-de-produtos\/mineria\/\">Miner\u00eda<\/a><\/li>\n<li><a href=\"https:\/\/sherwin-williams-latam.com\/es\/categoria-de-produtos\/oleo-gas\/\">Petr\u00f3leo &#038; Gas<\/a><\/li>\n<li><a href=\"https:\/\/sherwin-williams-latam.com\/es\/categoria-de-produtos\/pisos-de-alto-rendimiento\/\">Pisos de Alto Rendimiento<\/a><\/li>\n<li><a href=\"https:\/\/sherwin-williams-latam.com\/es\/categoria-de-produtos\/proteccion-pasiva-contra-fuego\/\">Protecci\u00f3n Pasiva Contra Fuego<\/a><\/li>\n\t\t\t\t\t\t\t\t<\/div>\n\t\t\t\t<\/div>\n\t\t\t\t<div class=\"elementor-element elementor-element-c20aeee elementor-widget elementor-widget-heading\" data-id=\"c20aeee\" data-element_type=\"widget\" data-e-type=\"widget\" data-widget_type=\"heading.default\">\n\t\t\t\t<div class=\"elementor-widget-container\">\n\t\t\t\t\t<h2 class=\"elementor-heading-title elementor-size-default\"><a href=\"https:\/\/sherwin-williams-latam.com\/presenca-latam\/\">Presencia LATAM<\/a><\/h2>\t\t\t\t<\/div>\n\t\t\t\t<\/div>\n\t\t\t\t<div class=\"elementor-element elementor-element-dc47ae6 elementor-widget elementor-widget-heading\" data-id=\"dc47ae6\" data-element_type=\"widget\" data-e-type=\"widget\" data-widget_type=\"heading.default\">\n\t\t\t\t<div class=\"elementor-widget-container\">\n\t\t\t\t\t<h2 class=\"elementor-heading-title elementor-size-default\"><a href=\"https:\/\/sherwin-williams-latam.com\/servicos\/\">Servicios<\/a><\/h2>\t\t\t\t<\/div>\n\t\t\t\t<\/div>\n\t\t\t\t<div class=\"elementor-element elementor-element-c7126e6 elementor-widget elementor-widget-text-editor\" data-id=\"c7126e6\" data-element_type=\"widget\" data-e-type=\"widget\" data-widget_type=\"text-editor.default\">\n\t\t\t\t<div class=\"elementor-widget-container\">\n\t\t\t\t\t\t\t\t\t<li><a href=\"https:\/\/sherwin-williams-latam.com\/es\/servicios\/diseno-de-ingenieria\/\">Dise\u00f1o de Especificaciones<\/a><\/li>\n<li><a href=\"https:\/\/sherwin-williams-latam.com\/es\/servicios\/servicio-incomparable\/\">Servicio Incomparable<\/a><\/li>\n<li><a href=\"https:\/\/sherwin-williams-latam.com\/es\/servicios\/aprendiendo-que-nunca-se-detiene\/\">Aprendizaje que Nunca se Detiene<\/a><\/li>\n\t\t\t\t\t\t\t\t<\/div>\n\t\t\t\t<\/div>\n\t\t\t\t\t<\/div>\n\t\t<\/div>\n\t\t\t\t<div data-dce-background-color=\"#FFFFFF\" class=\"elementor-column elementor-col-50 elementor-top-column elementor-element elementor-element-7189b93\" data-id=\"7189b93\" data-element_type=\"column\" data-e-type=\"column\" data-settings=\"{&quot;background_background&quot;:&quot;classic&quot;}\">\n\t\t\t<div class=\"elementor-widget-wrap elementor-element-populated\">\n\t\t\t\t\t\t<div class=\"elementor-element elementor-element-ff982ba elementor-widget elementor-widget-heading\" data-id=\"ff982ba\" data-element_type=\"widget\" data-e-type=\"widget\" data-widget_type=\"heading.default\">\n\t\t\t\t<div class=\"elementor-widget-container\">\n\t\t\t\t\t<h2 class=\"elementor-heading-title elementor-size-default\"><a href=\"https:\/\/sherwin-williams-latam.com\/recursos\/recursos-de-produtos\/\">Recursos<\/a><\/h2>\t\t\t\t<\/div>\n\t\t\t\t<\/div>\n\t\t\t\t<div class=\"elementor-element elementor-element-864158d elementor-widget elementor-widget-heading\" data-id=\"864158d\" data-element_type=\"widget\" data-e-type=\"widget\" data-widget_type=\"heading.default\">\n\t\t\t\t<div class=\"elementor-widget-container\">\n\t\t\t\t\t<h2 class=\"elementor-heading-title elementor-size-default\"><a href=\"https:\/\/sherwin-williams-latam.com\/midia\/\">Medios<\/a><\/h2>\t\t\t\t<\/div>\n\t\t\t\t<\/div>\n\t\t\t\t<div class=\"elementor-element elementor-element-feca65d elementor-widget elementor-widget-heading\" data-id=\"feca65d\" data-element_type=\"widget\" data-e-type=\"widget\" data-widget_type=\"heading.default\">\n\t\t\t\t<div class=\"elementor-widget-container\">\n\t\t\t\t\t<h2 class=\"elementor-heading-title elementor-size-default\"><a href=\"https:\/\/sherwin-williams-latam.com\/por-que-nos\/\">\u00bfPorque nosotros?<\/a><\/h2>\t\t\t\t<\/div>\n\t\t\t\t<\/div>\n\t\t\t\t<div class=\"elementor-element elementor-element-fb6d91f elementor-widget elementor-widget-text-editor\" data-id=\"fb6d91f\" data-element_type=\"widget\" data-e-type=\"widget\" data-widget_type=\"text-editor.default\">\n\t\t\t\t<div class=\"elementor-widget-container\">\n\t\t\t\t\t\t\t\t\t<li><a href=\"https:\/\/sherwin-williams-latam.com\/es\/por-que-nos\/abriendo-el-camino\/\">Abriendo el Camino<\/a><\/li>\n<li><a href=\"https:\/\/sherwin-williams-latam.com\/es\/por-que-nos\/alcance-global\/\">Alcance Global<\/a><\/li>\n<li><a href=\"https:\/\/sherwin-williams-latam.com\/es\/por-que-nos\/experiencia-de-clase-global\/\">Experiencia de Clase Global<\/a><\/li>\n<li><a href=\"https:\/\/sherwin-williams-latam.com\/es\/por-que-nos\/mirando-hacia-el-futuro\/\">Mirando Hacia el Futuro<\/a><\/li>\n\t\t\t\t\t\t\t\t<\/div>\n\t\t\t\t<\/div>\n\t\t\t\t\t<\/div>\n\t\t<\/div>\n\t\t\t\t\t<\/div>\n\t\t<\/section>\n\t\t\t\t<\/div>\n\t\t","protected":false},"excerpt":{"rendered":"<p>Mapa del Sitio Productos por Industria Todos los Productos Alimentos y Bebidas CUI &#8211; Corrosi\u00f3n Bajo Aislamiento Estructuras Met\u00e1licas Functional Coatings Miner\u00eda Petr\u00f3leo &#038; Gas Pisos de Alto Rendimiento Protecci\u00f3n Pasiva Contra Fuego Presencia LATAM Servicios Dise\u00f1o de Especificaciones Servicio Incomparable Aprendizaje que Nunca se Detiene Recursos Medios \u00bfPorque nosotros? Abriendo el Camino Alcance Global [&hellip;]<\/p>\n","protected":false},"author":1,"featured_media":0,"parent":0,"menu_order":0,"comment_status":"closed","ping_status":"closed","template":"","meta":{"footnotes":""},"class_list":["post-4429","page","type-page","status-publish","hentry"],"_links":{"self":[{"href":"https:\/\/sherwin-williams-latam.com\/es\/wp-json\/wp\/v2\/pages\/4429","targetHints":{"allow":["GET"]}}],"collection":[{"href":"https:\/\/sherwin-williams-latam.com\/es\/wp-json\/wp\/v2\/pages"}],"about":[{"href":"https:\/\/sherwin-williams-latam.com\/es\/wp-json\/wp\/v2\/types\/page"}],"author":[{"embeddable":true,"href":"https:\/\/sherwin-williams-latam.com\/es\/wp-json\/wp\/v2\/users\/1"}],"replies":[{"embeddable":true,"href":"https:\/\/sherwin-williams-latam.com\/es\/wp-json\/wp\/v2\/comments?post=4429"}],"version-history":[{"count":0,"href":"https:\/\/sherwin-williams-latam.com\/es\/wp-json\/wp\/v2\/pages\/4429\/revisions"}],"wp:attachment":[{"href":"https:\/\/sherwin-williams-latam.com\/es\/wp-json\/wp\/v2\/media?parent=4429"}],"curies":[{"name":"wp","href":"https:\/\/api.w.org\/{rel}","templated":true}]}}